{"id":4325,"date":"2025-01-27T08:57:13","date_gmt":"2025-01-27T06:57:13","guid":{"rendered":"https:\/\/etlia.fi\/?page_id=4325"},"modified":"2025-04-03T20:58:27","modified_gmt":"2025-04-03T18:58:27","slug":"partners","status":"publish","type":"page","link":"https:\/\/etlia.fi\/en\/partners\/","title":{"rendered":"Partners"},"content":{"rendered":"\n<div id=\"page-hero-sectionblock_01fa26b24c291c7a5ca753ea5499bd5f\" class=\"page-hero-section hero-section\">\n\t\n\t<div class=\"page-hero-container\">\n                <div class=\"page-hero-container-inner\" style=\"background-image: url('https:\/\/etlia.fi\/wp-content\/uploads\/2023\/06\/Etlia-SAP-to-Cloud.jpg');\">\n            <div class=\"page-hero-content\">\n                <div class=\"page-hero-content-inner about-page-hero-content-inner\">\n                    \n                    <h1 class=\"page-hero-content__title\">                      \n                      Partners                    <\/h1>\n\t\t\t\t\t\n                    <p class=\"page-hero-content__description\">Consulting and technology partnerships<\/p>\n                <\/div>\n            <\/div>\n        <\/div>\n                        <img decoding=\"async\" class=\"page-hero-overlay\" src=\"https:\/\/etlia.fi\/wp-content\/themes\/etlia\/svg\/pages-hero.svg\" alt=\"About\">\n            <\/div>\n<\/div>\n\n\n\n<main class=\"wp-block-group generic-content-padding\"><div class=\"wp-block-group__inner-container is-layout-constrained wp-block-group-is-layout-constrained\">\n<blockquote class=\"wp-block-quote is-layout-flow wp-block-quote-is-layout-flow\">\n<p><\/p>\n<\/blockquote>\n\n\n\n\n\n\n<div id=\"vert-space-block_d648c4ba275c0de65d7e51862bbd9686\" class=\"vert-space\">\n\t<div class=\"spacer-desktop\" style=\"height: 100px\"><\/div>\n\t<div class=\"spacer-tablet\" style=\"height: 75px\"><\/div>\n\t<div class=\"spacer-mobile\" style=\"height: 50px\"><\/div>\n<\/div>\n\n\n<div class=\"wp-block-columns is-layout-flex wp-container-core-columns-is-layout-9d6595d7 wp-block-columns-is-layout-flex\">\n<div class=\"wp-block-column is-layout-flow wp-block-column-is-layout-flow\" style=\"flex-basis:33.33%\">\n<h3 class=\"wp-block-heading\">Consulting Partnership<\/h3>\n<\/div>\n\n\n\n<div class=\"wp-block-column is-layout-flow wp-block-column-is-layout-flow\" style=\"flex-basis:66.66%\">\n<p>At Etlia, we strongly believe in mutual partnerships. We collaborate as a subcontractor with various partners and have several subcontractors who carry out different projects for our clients.<\/p>\n\n\n\n<p>We actively monitor the partner portals of different actors, keeping us well-informed about market developments.<\/p>\n\n\n\n<p>We are actively seeking both partners who can leverage our senior expertise and independent consultants who can complement our skills. We have been involved in several projects e.g. iin SAP BI area with our partners.<\/p>\n<\/div>\n<\/div>\n\n\n\n\n\n\n<div id=\"vert-space-block_f4bb268c5aedb90f716907e04d7e8486\" class=\"vert-space\">\n\t<div class=\"spacer-desktop\" style=\"height: 10px\"><\/div>\n\t<div class=\"spacer-tablet\" style=\"height: 10px\"><\/div>\n\t<div class=\"spacer-mobile\" style=\"height: 10px\"><\/div>\n<\/div>\n\n\n<blockquote class=\"wp-block-quote is-layout-flow wp-block-quote-is-layout-flow\">\n<p><em>It has been an absolute pleasure to collaborate with Etlia on interesting SAP projects. I wholeheartedly and enthusiastically recommend working with them on any data projects.<\/em><\/p>\n\n\n\n<p>\u2013 Dennis Anishchanka, Owner, DA Consulting Oy<\/p>\n<\/blockquote>\n\n\n\n\n\n\n<div id=\"vert-space-block_de180daf748b0d7f884f2e4f1a637449\" class=\"vert-space\">\n\t<div class=\"spacer-desktop\" style=\"height: 100px\"><\/div>\n\t<div class=\"spacer-tablet\" style=\"height: 75px\"><\/div>\n\t<div class=\"spacer-mobile\" style=\"height: 50px\"><\/div>\n<\/div>\n\n\n<div class=\"wp-block-columns is-layout-flex wp-container-core-columns-is-layout-9d6595d7 wp-block-columns-is-layout-flex\">\n<div class=\"wp-block-column is-layout-flow wp-block-column-is-layout-flow\" style=\"flex-basis:33.33%\">\n<h3 class=\"wp-block-heading\">Technology Partnership<\/h3>\n<\/div>\n\n\n\n<div class=\"wp-block-column is-layout-flow wp-block-column-is-layout-flow\" style=\"flex-basis:66.66%\">\n<p>As a technology-independent operator, we actively work with technology providers. We conduct various PoCs (Proof of Concepts) or pilots using different technologies and maintain direct connections with deep technology partners&#8217; experts.<\/p>\n\n\n\n<p><\/p>\n<\/div>\n<\/div>\n\n\n\n<p>If you are interested in partnering with Etlia, don&#8217;t hesitate to <a href=\"https:\/\/etlia.fi\/en\/contact\/\">contact us<\/a> to discuss potential collaboration opportunities in more detail.<\/p>\n\n\n\n\n\n\n<div id=\"vert-space-block_024061a91d39a06d521c27532f79872e\" class=\"vert-space\">\n\t<div class=\"spacer-desktop\" style=\"height: 50px\"><\/div>\n\t<div class=\"spacer-tablet\" style=\"height: 50px\"><\/div>\n\t<div class=\"spacer-mobile\" style=\"height: 50px\"><\/div>\n<\/div>\n\n\n<div class=\"wp-block-columns is-layout-flex wp-container-core-columns-is-layout-9d6595d7 wp-block-columns-is-layout-flex\">\n<div class=\"wp-block-column is-layout-flow wp-block-column-is-layout-flow\" style=\"flex-basis:25%\">\n<figure class=\"wp-block-image size-full\"><img loading=\"lazy\" decoding=\"async\" width=\"300\" height=\"180\" src=\"https:\/\/etlia.fi\/wp-content\/uploads\/2025\/04\/512px-Amazon_Web_Services_Logo.svg-copy-300x180-2.png\" alt=\"\" class=\"wp-image-4905\"\/><\/figure>\n<\/div>\n\n\n\n<div class=\"wp-block-column is-layout-flow wp-block-column-is-layout-flow\" style=\"flex-basis:25%\">\n<figure class=\"wp-block-image size-full\"><img loading=\"lazy\" decoding=\"async\" width=\"300\" height=\"147\" src=\"https:\/\/etlia.fi\/wp-content\/uploads\/2025\/04\/sap-vector-logo-raj-300x147-3.png\" alt=\"\" class=\"wp-image-4907\"\/><\/figure>\n<\/div>\n\n\n\n<div class=\"wp-block-column is-layout-flow wp-block-column-is-layout-flow\" style=\"flex-basis:25%\">\n<figure class=\"wp-block-image size-full\"><img loading=\"lazy\" decoding=\"async\" width=\"300\" height=\"169\" src=\"https:\/\/etlia.fi\/wp-content\/uploads\/2025\/04\/og-databricks-raj-300x169-2.png\" alt=\"\" class=\"wp-image-4909\"\/><\/figure>\n<\/div>\n\n\n\n<div class=\"wp-block-column is-layout-flow wp-block-column-is-layout-flow\" style=\"flex-basis:25%\">\n<figure class=\"wp-block-image size-full\"><img loading=\"lazy\" decoding=\"async\" width=\"300\" height=\"148\" src=\"https:\/\/etlia.fi\/wp-content\/uploads\/2025\/04\/Matillion-Logo-300x148-3.png\" alt=\"\" class=\"wp-image-4911\"\/><\/figure>\n<\/div>\n<\/div>\n\n\n\n<div class=\"wp-block-columns is-layout-flex wp-container-core-columns-is-layout-9d6595d7 wp-block-columns-is-layout-flex\">\n<div class=\"wp-block-column is-layout-flow wp-block-column-is-layout-flow\" style=\"flex-basis:25%\">\n<figure class=\"wp-block-image size-full\"><img loading=\"lazy\" decoding=\"async\" width=\"300\" height=\"75\" src=\"https:\/\/etlia.fi\/wp-content\/uploads\/2025\/04\/informatica-ar21-raj-300x75-1.png\" alt=\"\" class=\"wp-image-4859\" style=\"object-fit:cover\"\/><\/figure>\n<\/div>\n\n\n\n<div class=\"wp-block-column is-layout-flow wp-block-column-is-layout-flow\" style=\"flex-basis:25%\">\n<figure class=\"wp-block-image size-full\"><img loading=\"lazy\" decoding=\"async\" width=\"300\" height=\"65\" src=\"https:\/\/etlia.fi\/wp-content\/uploads\/2025\/04\/Microsoft-raj-300x65-2.png\" alt=\"\" class=\"wp-image-4891\"\/><\/figure>\n<\/div>\n\n\n\n<div class=\"wp-block-column is-layout-flow wp-block-column-is-layout-flow\" style=\"flex-basis:25%\">\n<figure class=\"wp-block-image size-full\"><img loading=\"lazy\" decoding=\"async\" width=\"300\" height=\"90\" src=\"https:\/\/etlia.fi\/wp-content\/uploads\/2025\/04\/aecorsoft_icon_with_text_squared_color-raj-300x90-1.png\" alt=\"\" class=\"wp-image-4865\" style=\"object-fit:cover\"\/><\/figure>\n<\/div>\n\n\n\n<div class=\"wp-block-column is-layout-flow wp-block-column-is-layout-flow\" style=\"flex-basis:25%\">\n<figure class=\"wp-block-image size-full\"><img loading=\"lazy\" decoding=\"async\" width=\"300\" height=\"92\" src=\"https:\/\/etlia.fi\/wp-content\/uploads\/2025\/04\/snowflake-ar21-raj-300x92-2.png\" alt=\"\" class=\"wp-image-4893\"\/><\/figure>\n<\/div>\n<\/div>\n\n\n\n<div class=\"wp-block-columns is-layout-flex wp-container-core-columns-is-layout-9d6595d7 wp-block-columns-is-layout-flex\">\n<div class=\"wp-block-column is-layout-flow wp-block-column-is-layout-flow\" style=\"flex-basis:25%\">\n<figure class=\"wp-block-image size-full\"><img loading=\"lazy\" decoding=\"async\" width=\"300\" height=\"82\" src=\"https:\/\/etlia.fi\/wp-content\/uploads\/2025\/04\/Denodo-logo-01-raj-300x82-3.png\" alt=\"\" class=\"wp-image-4877\" style=\"object-fit:cover\"\/><\/figure>\n<\/div>\n\n\n\n<div class=\"wp-block-column is-layout-flow wp-block-column-is-layout-flow\" style=\"flex-basis:25%\">\n<figure class=\"wp-block-image size-full\"><img loading=\"lazy\" decoding=\"async\" width=\"256\" height=\"106\" src=\"https:\/\/etlia.fi\/wp-content\/uploads\/2025\/04\/Nayttokuva-2025-03-20-kello-11.34.47-1.png\" alt=\"\" class=\"wp-image-4875\" style=\"object-fit:cover\"\/><\/figure>\n<\/div>\n\n\n\n<div class=\"wp-block-column is-layout-flow wp-block-column-is-layout-flow\" style=\"flex-basis:25%\">\n<figure class=\"wp-block-image size-full\"><img loading=\"lazy\" decoding=\"async\" width=\"512\" height=\"256\" src=\"https:\/\/etlia.fi\/wp-content\/uploads\/2025\/04\/google_cloud_logo_icon_170066.webp\" alt=\"\" class=\"wp-image-4873\" style=\"object-fit:cover\" srcset=\"https:\/\/etlia.fi\/wp-content\/uploads\/2025\/04\/google_cloud_logo_icon_170066.webp 512w, https:\/\/etlia.fi\/wp-content\/uploads\/2025\/04\/google_cloud_logo_icon_170066-300x150.webp 300w\" sizes=\"auto, (max-width: 512px) 100vw, 512px\" \/><\/figure>\n<\/div>\n\n\n\n<div class=\"wp-block-column is-layout-flow wp-block-column-is-layout-flow\" style=\"flex-basis:25%\">\n<figure class=\"wp-block-image size-full\"><img loading=\"lazy\" decoding=\"async\" width=\"300\" height=\"150\" src=\"https:\/\/etlia.fi\/wp-content\/uploads\/2025\/04\/dbt-300x150-1.png\" alt=\"\" class=\"wp-image-4871\" style=\"object-fit:cover\"\/><\/figure>\n<\/div>\n<\/div>\n\n\n\n<h3 class=\"wp-block-heading has-text-align-center\"><\/h3>\n<\/div><\/main>\n","protected":false},"excerpt":{"rendered":"<p>Consulting Partnership At Etlia, we strongly believe in mutual partnerships. We collaborate as a subcontractor with various partners and have several subcontractors who carry out different projects for our clients. We actively monitor the partner portals of different actors, keeping us well-informed about market developments. We are actively seeking both partners who can leverage our [&hellip;]<\/p>\n","protected":false},"author":22,"featured_media":0,"parent":0,"menu_order":0,"comment_status":"closed","ping_status":"closed","template":"","meta":{"_acf_changed":false,"content-type":"","inline_featured_image":false,"footnotes":""},"class_list":["post-4325","page","type-page","status-publish","hentry"],"acf":[],"yoast_head":"<!-- This site is optimized with the Yoast SEO plugin v27.3 - https:\/\/yoast.com\/product\/yoast-seo-wordpress\/ -->\n<title>Partners - Etlia<\/title>\n<meta name=\"description\" content=\"Meill\u00e4 Etlialla uskomme, ett\u00e4 ty\u00f6 on enemm\u00e4n kuin pelkk\u00e4 teht\u00e4v\u00e4 \u2013 se on mahdollisuus kasvaa, kehitty\u00e4 ja tehd\u00e4 merkityksellist\u00e4 ty\u00f6t\u00e4. Etsimme jatkuvasti innostuneita ja lahjakkaita ammattilaisia, jotka jakavat intohimomme ja haluavat tehd\u00e4 ty\u00f6t\u00e4, jolla on oikeasti vaikutusta.\" \/>\n<meta name=\"robots\" content=\"index, follow, max-snippet:-1, max-image-preview:large, max-video-preview:-1\" \/>\n<link rel=\"canonical\" href=\"https:\/\/etlia.fi\/en\/partners\/\" \/>\n<meta property=\"og:locale\" content=\"en_US\" \/>\n<meta property=\"og:type\" content=\"article\" \/>\n<meta property=\"og:title\" content=\"Partners - Etlia\" \/>\n<meta property=\"og:description\" content=\"Meill\u00e4 Etlialla uskomme, ett\u00e4 ty\u00f6 on enemm\u00e4n kuin pelkk\u00e4 teht\u00e4v\u00e4 \u2013 se on mahdollisuus kasvaa, kehitty\u00e4 ja tehd\u00e4 merkityksellist\u00e4 ty\u00f6t\u00e4. Etsimme jatkuvasti innostuneita ja lahjakkaita ammattilaisia, jotka jakavat intohimomme ja haluavat tehd\u00e4 ty\u00f6t\u00e4, jolla on oikeasti vaikutusta.\" \/>\n<meta property=\"og:url\" content=\"https:\/\/etlia.fi\/en\/partners\/\" \/>\n<meta property=\"og:site_name\" content=\"Etlia\" \/>\n<meta property=\"article:modified_time\" content=\"2025-04-03T18:58:27+00:00\" \/>\n<meta property=\"og:image\" content=\"https:\/\/etlia.fi\/wp-content\/uploads\/2025\/04\/512px-Amazon_Web_Services_Logo.svg-copy-300x180-2.png\" \/>\n<meta name=\"twitter:card\" content=\"summary_large_image\" \/>\n<meta name=\"twitter:label1\" content=\"Est. reading time\" \/>\n\t<meta name=\"twitter:data1\" content=\"5 minutes\" \/>\n<script type=\"application\/ld+json\" class=\"yoast-schema-graph\">{\"@context\":\"https:\\\/\\\/schema.org\",\"@graph\":[{\"@type\":\"WebPage\",\"@id\":\"https:\\\/\\\/etlia.fi\\\/en\\\/partners\\\/\",\"url\":\"https:\\\/\\\/etlia.fi\\\/en\\\/partners\\\/\",\"name\":\"Partners - Etlia\",\"isPartOf\":{\"@id\":\"https:\\\/\\\/etlia.fi\\\/en\\\/#website\"},\"primaryImageOfPage\":{\"@id\":\"https:\\\/\\\/etlia.fi\\\/en\\\/partners\\\/#primaryimage\"},\"image\":{\"@id\":\"https:\\\/\\\/etlia.fi\\\/en\\\/partners\\\/#primaryimage\"},\"thumbnailUrl\":\"https:\\\/\\\/etlia.fi\\\/wp-content\\\/uploads\\\/2025\\\/04\\\/512px-Amazon_Web_Services_Logo.svg-copy-300x180-2.png\",\"datePublished\":\"2025-01-27T06:57:13+00:00\",\"dateModified\":\"2025-04-03T18:58:27+00:00\",\"description\":\"Meill\u00e4 Etlialla uskomme, ett\u00e4 ty\u00f6 on enemm\u00e4n kuin pelkk\u00e4 teht\u00e4v\u00e4 \u2013 se on mahdollisuus kasvaa, kehitty\u00e4 ja tehd\u00e4 merkityksellist\u00e4 ty\u00f6t\u00e4. Etsimme jatkuvasti innostuneita ja lahjakkaita ammattilaisia, jotka jakavat intohimomme ja haluavat tehd\u00e4 ty\u00f6t\u00e4, jolla on oikeasti vaikutusta.\",\"breadcrumb\":{\"@id\":\"https:\\\/\\\/etlia.fi\\\/en\\\/partners\\\/#breadcrumb\"},\"inLanguage\":\"en-US\",\"potentialAction\":[{\"@type\":\"ReadAction\",\"target\":[\"https:\\\/\\\/etlia.fi\\\/en\\\/partners\\\/\"]}]},{\"@type\":\"ImageObject\",\"inLanguage\":\"en-US\",\"@id\":\"https:\\\/\\\/etlia.fi\\\/en\\\/partners\\\/#primaryimage\",\"url\":\"https:\\\/\\\/etlia.fi\\\/wp-content\\\/uploads\\\/2025\\\/04\\\/512px-Amazon_Web_Services_Logo.svg-copy-300x180-2.png\",\"contentUrl\":\"https:\\\/\\\/etlia.fi\\\/wp-content\\\/uploads\\\/2025\\\/04\\\/512px-Amazon_Web_Services_Logo.svg-copy-300x180-2.png\"},{\"@type\":\"BreadcrumbList\",\"@id\":\"https:\\\/\\\/etlia.fi\\\/en\\\/partners\\\/#breadcrumb\",\"itemListElement\":[{\"@type\":\"ListItem\",\"position\":1,\"name\":\"Home\",\"item\":\"https:\\\/\\\/etlia.fi\\\/en\\\/\"},{\"@type\":\"ListItem\",\"position\":2,\"name\":\"Partners\"}]},{\"@type\":\"WebSite\",\"@id\":\"https:\\\/\\\/etlia.fi\\\/en\\\/#website\",\"url\":\"https:\\\/\\\/etlia.fi\\\/en\\\/\",\"name\":\"Etlia\",\"description\":\"Kriittiset analytiikkaratkaisut yrityksellesi\",\"publisher\":{\"@id\":\"https:\\\/\\\/etlia.fi\\\/en\\\/#organization\"},\"potentialAction\":[{\"@type\":\"SearchAction\",\"target\":{\"@type\":\"EntryPoint\",\"urlTemplate\":\"https:\\\/\\\/etlia.fi\\\/en\\\/?s={search_term_string}\"},\"query-input\":{\"@type\":\"PropertyValueSpecification\",\"valueRequired\":true,\"valueName\":\"search_term_string\"}}],\"inLanguage\":\"en-US\"},{\"@type\":\"Organization\",\"@id\":\"https:\\\/\\\/etlia.fi\\\/en\\\/#organization\",\"name\":\"Etlia\",\"url\":\"https:\\\/\\\/etlia.fi\\\/en\\\/\",\"logo\":{\"@type\":\"ImageObject\",\"inLanguage\":\"en-US\",\"@id\":\"https:\\\/\\\/etlia.fi\\\/en\\\/#\\\/schema\\\/logo\\\/image\\\/\",\"url\":\"https:\\\/\\\/etlia.fi\\\/wp-content\\\/uploads\\\/2021\\\/03\\\/etlia_logo_full_for-white-background-3.jpg\",\"contentUrl\":\"https:\\\/\\\/etlia.fi\\\/wp-content\\\/uploads\\\/2021\\\/03\\\/etlia_logo_full_for-white-background-3.jpg\",\"width\":850,\"height\":374,\"caption\":\"Etlia\"},\"image\":{\"@id\":\"https:\\\/\\\/etlia.fi\\\/en\\\/#\\\/schema\\\/logo\\\/image\\\/\"},\"sameAs\":[\"https:\\\/\\\/www.linkedin.com\\\/company\\\/etlia\\\/\"]}]}<\/script>\n<!-- \/ Yoast SEO plugin. -->","yoast_head_json":{"title":"Partners - Etlia","description":"Meill\u00e4 Etlialla uskomme, ett\u00e4 ty\u00f6 on enemm\u00e4n kuin pelkk\u00e4 teht\u00e4v\u00e4 \u2013 se on mahdollisuus kasvaa, kehitty\u00e4 ja tehd\u00e4 merkityksellist\u00e4 ty\u00f6t\u00e4. Etsimme jatkuvasti innostuneita ja lahjakkaita ammattilaisia, jotka jakavat intohimomme ja haluavat tehd\u00e4 ty\u00f6t\u00e4, jolla on oikeasti vaikutusta.","robots":{"index":"index","follow":"follow","max-snippet":"max-snippet:-1","max-image-preview":"max-image-preview:large","max-video-preview":"max-video-preview:-1"},"canonical":"https:\/\/etlia.fi\/en\/partners\/","og_locale":"en_US","og_type":"article","og_title":"Partners - Etlia","og_description":"Meill\u00e4 Etlialla uskomme, ett\u00e4 ty\u00f6 on enemm\u00e4n kuin pelkk\u00e4 teht\u00e4v\u00e4 \u2013 se on mahdollisuus kasvaa, kehitty\u00e4 ja tehd\u00e4 merkityksellist\u00e4 ty\u00f6t\u00e4. Etsimme jatkuvasti innostuneita ja lahjakkaita ammattilaisia, jotka jakavat intohimomme ja haluavat tehd\u00e4 ty\u00f6t\u00e4, jolla on oikeasti vaikutusta.","og_url":"https:\/\/etlia.fi\/en\/partners\/","og_site_name":"Etlia","article_modified_time":"2025-04-03T18:58:27+00:00","og_image":[{"url":"https:\/\/etlia.fi\/wp-content\/uploads\/2025\/04\/512px-Amazon_Web_Services_Logo.svg-copy-300x180-2.png","type":"","width":"","height":""}],"twitter_card":"summary_large_image","twitter_misc":{"Est. reading time":"5 minutes"},"schema":{"@context":"https:\/\/schema.org","@graph":[{"@type":"WebPage","@id":"https:\/\/etlia.fi\/en\/partners\/","url":"https:\/\/etlia.fi\/en\/partners\/","name":"Partners - Etlia","isPartOf":{"@id":"https:\/\/etlia.fi\/en\/#website"},"primaryImageOfPage":{"@id":"https:\/\/etlia.fi\/en\/partners\/#primaryimage"},"image":{"@id":"https:\/\/etlia.fi\/en\/partners\/#primaryimage"},"thumbnailUrl":"https:\/\/etlia.fi\/wp-content\/uploads\/2025\/04\/512px-Amazon_Web_Services_Logo.svg-copy-300x180-2.png","datePublished":"2025-01-27T06:57:13+00:00","dateModified":"2025-04-03T18:58:27+00:00","description":"Meill\u00e4 Etlialla uskomme, ett\u00e4 ty\u00f6 on enemm\u00e4n kuin pelkk\u00e4 teht\u00e4v\u00e4 \u2013 se on mahdollisuus kasvaa, kehitty\u00e4 ja tehd\u00e4 merkityksellist\u00e4 ty\u00f6t\u00e4. Etsimme jatkuvasti innostuneita ja lahjakkaita ammattilaisia, jotka jakavat intohimomme ja haluavat tehd\u00e4 ty\u00f6t\u00e4, jolla on oikeasti vaikutusta.","breadcrumb":{"@id":"https:\/\/etlia.fi\/en\/partners\/#breadcrumb"},"inLanguage":"en-US","potentialAction":[{"@type":"ReadAction","target":["https:\/\/etlia.fi\/en\/partners\/"]}]},{"@type":"ImageObject","inLanguage":"en-US","@id":"https:\/\/etlia.fi\/en\/partners\/#primaryimage","url":"https:\/\/etlia.fi\/wp-content\/uploads\/2025\/04\/512px-Amazon_Web_Services_Logo.svg-copy-300x180-2.png","contentUrl":"https:\/\/etlia.fi\/wp-content\/uploads\/2025\/04\/512px-Amazon_Web_Services_Logo.svg-copy-300x180-2.png"},{"@type":"BreadcrumbList","@id":"https:\/\/etlia.fi\/en\/partners\/#breadcrumb","itemListElement":[{"@type":"ListItem","position":1,"name":"Home","item":"https:\/\/etlia.fi\/en\/"},{"@type":"ListItem","position":2,"name":"Partners"}]},{"@type":"WebSite","@id":"https:\/\/etlia.fi\/en\/#website","url":"https:\/\/etlia.fi\/en\/","name":"Etlia","description":"Kriittiset analytiikkaratkaisut yrityksellesi","publisher":{"@id":"https:\/\/etlia.fi\/en\/#organization"},"potentialAction":[{"@type":"SearchAction","target":{"@type":"EntryPoint","urlTemplate":"https:\/\/etlia.fi\/en\/?s={search_term_string}"},"query-input":{"@type":"PropertyValueSpecification","valueRequired":true,"valueName":"search_term_string"}}],"inLanguage":"en-US"},{"@type":"Organization","@id":"https:\/\/etlia.fi\/en\/#organization","name":"Etlia","url":"https:\/\/etlia.fi\/en\/","logo":{"@type":"ImageObject","inLanguage":"en-US","@id":"https:\/\/etlia.fi\/en\/#\/schema\/logo\/image\/","url":"https:\/\/etlia.fi\/wp-content\/uploads\/2021\/03\/etlia_logo_full_for-white-background-3.jpg","contentUrl":"https:\/\/etlia.fi\/wp-content\/uploads\/2021\/03\/etlia_logo_full_for-white-background-3.jpg","width":850,"height":374,"caption":"Etlia"},"image":{"@id":"https:\/\/etlia.fi\/en\/#\/schema\/logo\/image\/"},"sameAs":["https:\/\/www.linkedin.com\/company\/etlia\/"]}]}},"_links":{"self":[{"href":"https:\/\/etlia.fi\/en\/wp-json\/wp\/v2\/pages\/4325","targetHints":{"allow":["GET"]}}],"collection":[{"href":"https:\/\/etlia.fi\/en\/wp-json\/wp\/v2\/pages"}],"about":[{"href":"https:\/\/etlia.fi\/en\/wp-json\/wp\/v2\/types\/page"}],"author":[{"embeddable":true,"href":"https:\/\/etlia.fi\/en\/wp-json\/wp\/v2\/users\/22"}],"replies":[{"embeddable":true,"href":"https:\/\/etlia.fi\/en\/wp-json\/wp\/v2\/comments?post=4325"}],"version-history":[{"count":14,"href":"https:\/\/etlia.fi\/en\/wp-json\/wp\/v2\/pages\/4325\/revisions"}],"predecessor-version":[{"id":4916,"href":"https:\/\/etlia.fi\/en\/wp-json\/wp\/v2\/pages\/4325\/revisions\/4916"}],"wp:attachment":[{"href":"https:\/\/etlia.fi\/en\/wp-json\/wp\/v2\/media?parent=4325"}],"curies":[{"name":"wp","href":"https:\/\/api.w.org\/{rel}","templated":true}]}}